{"id":151,"date":"2025-06-17T23:42:14","date_gmt":"2025-06-17T21:42:14","guid":{"rendered":"https:\/\/kkjmotors.pl\/?page_id=151"},"modified":"2025-06-17T23:42:15","modified_gmt":"2025-06-17T21:42:15","slug":"oferta","status":"publish","type":"page","link":"https:\/\/kkjmotors.pl\/?page_id=151","title":{"rendered":"Oferta"},"content":{"rendered":"\n<p>Silnik<\/p>\n\n\n\n<figure class=\"wp-block-table\"><table class=\"has-fixed-layout\"><tbody><tr><td>Wymiana oleju w silniku<\/td><td>Od 60z\u0142<\/td><\/tr><tr><td>Wymiana p\u0142ynu ch\u0142odniczego<\/td><td>Od 50z\u0142<\/td><\/tr><tr><td>Kontrola i regulacja luz\u00f3w zaworowych<\/td><td>Od 130z\u0142<\/td><\/tr><tr><td>Wymiana filtra powietrza<\/td><td>Od 40z\u0142<\/td><\/tr><tr><td>Wymiana\/ czyszczenie \u015bwiec zap\u0142onowych (1 sztuka)<\/td><td>Od 20z\u0142<\/td><\/tr><tr><td>Czyszczenie, mycie w ultrad\u017awi\u0119kach, regulacja i synchronizacja ga\u017anik\u00f3w (bez regeneracji)<\/td><td>od 200z\u0142<\/td><\/tr><tr><td>Synchronizacja ga\u017anik\u00f3w<\/td><td>Od 100z\u0142<\/td><\/tr><\/tbody><\/table><\/figure>\n\n\n\n<p>Uk\u0142ad hamulcowy<\/p>\n\n\n\n<figure class=\"wp-block-table\"><table class=\"has-fixed-layout\"><tbody><tr><td>Wymiana tarczy hamulcowej (1 sztuka)<\/td><td>od 80z\u0142<\/td><\/tr><tr><td>Wymiana klock\u00f3w hamulcowych z przeczyszczeniem i przesmarowaniem zacisku (1 zacisk)<\/td><td>Od 60z\u0142<\/td><\/tr><tr><td>Wymiana p\u0142ynu hamulcowego (1 obw\u00f3d)<\/td><td>Od 45z\u0142<\/td><\/tr><tr><td>Czyszczenie i smarowanie zacisku hamulcowego (1 sztuka)<\/td><td>Od 50z\u0142<\/td><\/tr><\/tbody><\/table><\/figure>\n\n\n\n<p>Uk\u0142ad elektryczny<\/p>\n\n\n\n<figure class=\"wp-block-table\"><table class=\"has-fixed-layout\"><tbody><tr><td>Kontrola uk\u0142adu \u0142adowania<\/td><td>30z\u0142<\/td><\/tr><tr><td>Diagnostyka\/ naprawa instalacji elektrycznej<\/td><td>120z\u0142<\/td><\/tr><\/tbody><\/table><\/figure>\n\n\n\n<p>Uk\u0142ad nap\u0119dowy<\/p>\n\n\n\n<figure class=\"wp-block-table\"><table class=\"has-fixed-layout\"><tbody><tr><td>Wymiana zestawu nap\u0119dowego<\/td><td>Od 100z\u0142<\/td><\/tr><tr><td>Regulacja luzu \u0142a\u0144cucha nap\u0119dowego i smarowanie<\/td><td>od 45z\u0142<\/td><\/tr><tr><td>Smarowanie \u0142a\u0144cucha nap\u0119dowego<\/td><td>25z\u0142<\/td><\/tr><tr><td>Regulacja luzu \u0142a\u0144cucha nap\u0119dowego<\/td><td>Od 20z\u0142<\/td><\/tr><tr><td>Mycie i czyszczenie \u0142a\u0144cucha nap\u0119dowego<\/td><td>Od 50z\u0142<\/td><\/tr><tr><td>Wymiana oleju w przek\u0142adni kardana<\/td><td>Od 40z\u0142<\/td><\/tr><\/tbody><\/table><\/figure>\n\n\n\n<p>Opony<\/p>\n\n\n\n<figure class=\"wp-block-table\"><table class=\"has-fixed-layout\"><tbody><tr><td>Wymiana opony z wywa\u017ceniem (1 sztuka) (opona przywieziona przez klienta)<\/td><td>Od 50z\u0142<\/td><\/tr><tr><td>Opony d\u0119tkowe (p\u0142atne dodatkowo do powy\u017cszych us\u0142ug)<\/td><td>10z\u0142<\/td><\/tr><tr><td>Utylizacja opony (1 sztuka)<\/td><td>15z\u0142<\/td><\/tr><\/tbody><\/table><\/figure>\n\n\n\n<pre class=\"wp-block-preformatted\">Powy\u017csze ceny s\u0105 cenami brutto, zawieraj\u0105 podatek VAT.<br>Podane ceny zawieraj\u0105 warto\u015b\u0107 robocizny bez cz\u0119\u015bci zamiennych i materia\u0142\u00f3w pomocniczych.<br>Cennik ma charakter informacyjny i nie stanowi oferty handlowej w \u015bwietle prawa.<\/pre>\n\n\n\n<p><\/p>\n","protected":false},"excerpt":{"rendered":"<p>Silnik Wymiana oleju w silniku Od 60z\u0142 Wymiana p\u0142ynu ch\u0142odniczego Od 50z\u0142 Kontrola i regulacja luz\u00f3w zaworowych Od 130z\u0142 Wymiana filtra powietrza Od 40z\u0142 Wymiana\/ czyszczenie \u015bwiec zap\u0142onowych (1 sztuka) Od 20z\u0142 Czyszczenie, mycie w ultrad\u017awi\u0119kach, regulacja i synchronizacja ga\u017anik\u00f3w (bez regeneracji) od 200z\u0142 Synchronizacja ga\u017anik\u00f3w Od 100z\u0142 Uk\u0142ad hamulcowy Wymiana tarczy hamulcowej (1 sztuka) [&hellip;]<\/p>\n","protected":false},"author":1,"featured_media":0,"parent":0,"menu_order":0,"comment_status":"closed","ping_status":"closed","template":"","meta":{"footnotes":""},"class_list":["post-151","page","type-page","status-publish","hentry"],"aioseo_notices":[],"_links":{"self":[{"href":"https:\/\/kkjmotors.pl\/index.php?rest_route=\/wp\/v2\/pages\/151","targetHints":{"allow":["GET"]}}],"collection":[{"href":"https:\/\/kkjmotors.pl\/index.php?rest_route=\/wp\/v2\/pages"}],"about":[{"href":"https:\/\/kkjmotors.pl\/index.php?rest_route=\/wp\/v2\/types\/page"}],"author":[{"embeddable":true,"href":"https:\/\/kkjmotors.pl\/index.php?rest_route=\/wp\/v2\/users\/1"}],"replies":[{"embeddable":true,"href":"https:\/\/kkjmotors.pl\/index.php?rest_route=%2Fwp%2Fv2%2Fcomments&post=151"}],"version-history":[{"count":2,"href":"https:\/\/kkjmotors.pl\/index.php?rest_route=\/wp\/v2\/pages\/151\/revisions"}],"predecessor-version":[{"id":165,"href":"https:\/\/kkjmotors.pl\/index.php?rest_route=\/wp\/v2\/pages\/151\/revisions\/165"}],"wp:attachment":[{"href":"https:\/\/kkjmotors.pl\/index.php?rest_route=%2Fwp%2Fv2%2Fmedia&parent=151"}],"curies":[{"name":"wp","href":"https:\/\/api.w.org\/{rel}","templated":true}]}}